{"id":101,"date":"2023-04-22T18:10:12","date_gmt":"2023-04-22T16:10:12","guid":{"rendered":"https:\/\/dys.creation-site-internet-aisne.fr\/?page_id=101"},"modified":"2023-04-23T17:51:24","modified_gmt":"2023-04-23T15:51:24","slug":"qui-sommes-nous","status":"publish","type":"page","link":"https:\/\/dys.creation-site-internet-aisne.fr\/index.php\/qui-sommes-nous\/","title":{"rendered":"Qui sommes-nous"},"content":{"rendered":"<p>[et_pb_section fb_built=&#8221;1&#8243; next_background_color=&#8221;#ffffff&#8221; _builder_version=&#8221;4.20.4&#8243; _module_preset=&#8221;default&#8221; background_color=&#8221;#001C5E&#8221; background_image=&#8221;https:\/\/dys.creation-site-internet-aisne.fr\/wp-content\/uploads\/2023\/04\/308849427_403376178647054_888696772341993010_n.jpg&#8221; background_blend=&#8221;overlay&#8221; min_height=&#8221;295px&#8221; min_height_tablet=&#8221;295px&#8221; min_height_phone=&#8221;295px&#8221; min_height_last_edited=&#8221;on|desktop&#8221; bottom_divider_style=&#8221;curve2&#8243; bottom_divider_height=&#8221;42px&#8221; bottom_divider_repeat=&#8221;1x&#8221; hover_enabled=&#8221;0&#8243; global_colors_info=&#8221;{}&#8221; sticky_enabled=&#8221;0&#8243;][et_pb_row column_structure=&#8221;1_4,3_4&#8243; _builder_version=&#8221;4.19.2&#8243; _module_preset=&#8221;default&#8221; global_colors_info=&#8221;{}&#8221;][et_pb_column type=&#8221;1_4&#8243; _builder_version=&#8221;4.19.2&#8243; _module_preset=&#8221;default&#8221; global_colors_info=&#8221;{}&#8221;][et_pb_image src=&#8221;https:\/\/dys.creation-site-internet-aisne.fr\/wp-content\/uploads\/2023\/04\/logo-60dys1.jpg&#8221; title_text=&#8221;logo 60dys(1)&#8221; _builder_version=&#8221;4.19.2&#8243; _module_preset=&#8221;default&#8221; border_radii=&#8221;on|49%|49%|49%|49%&#8221; global_colors_info=&#8221;{}&#8221;][\/et_pb_image][\/et_pb_column][et_pb_column type=&#8221;3_4&#8243; _builder_version=&#8221;4.19.2&#8243; _module_preset=&#8221;default&#8221; global_colors_info=&#8221;{}&#8221;][et_pb_text _builder_version=&#8221;4.20.4&#8243; _module_preset=&#8221;default&#8221; text_font=&#8221;Roboto|500|||||||&#8221; text_text_color=&#8221;#FFFFFF&#8221; text_font_size=&#8221;42px&#8221; text_line_height=&#8221;0.8em&#8221; global_colors_info=&#8221;{}&#8221;]<\/p>\n<p>Association d&#8217;aide aux enfants Dys<\/p>\n<p>[\/et_pb_text][et_pb_text _builder_version=&#8221;4.20.4&#8243; _module_preset=&#8221;default&#8221; text_font=&#8221;|600|||||||&#8221; text_text_color=&#8221;#FFFFFF&#8221; text_font_size=&#8221;37px&#8221; text_line_height=&#8221;1em&#8221; text_orientation=&#8221;center&#8221; global_colors_info=&#8221;{}&#8221;]<\/p>\n<p>Qui sommes-nous ?<\/p>\n<p>[\/et_pb_text][\/et_pb_column][\/et_pb_row][\/et_pb_section][et_pb_section fb_built=&#8221;1&#8243; _builder_version=&#8221;4.20.4&#8243; _module_preset=&#8221;default&#8221; global_colors_info=&#8221;{}&#8221;][et_pb_row _builder_version=&#8221;4.20.4&#8243; _module_preset=&#8221;default&#8221; background_color=&#8221;rgba(224,153,0,0.21)&#8221; hover_enabled=&#8221;0&#8243; border_radii=&#8221;on|15px|15px|15px|15px&#8221; box_shadow_style=&#8221;preset2&#8243; global_colors_info=&#8221;{}&#8221; sticky_enabled=&#8221;0&#8243;][et_pb_column type=&#8221;4_4&#8243; _builder_version=&#8221;4.20.4&#8243; _module_preset=&#8221;default&#8221; global_colors_info=&#8221;{}&#8221;][et_pb_text _builder_version=&#8221;4.20.4&#8243; _module_preset=&#8221;default&#8221; text_font=&#8221;|600|||||||&#8221; text_text_color=&#8221;#001C5E&#8221; text_font_size=&#8221;17px&#8221; text_line_height=&#8221;1.5em&#8221; text_orientation=&#8221;center&#8221; custom_padding=&#8221;|15px||15px|false|true&#8221; global_colors_info=&#8221;{}&#8221;]<\/p>\n<p>L\u2019association 60dys est une association de b\u00e9n\u00e9voles cr\u00e9\u00e9e en mai 2021 qui regroupe parents, enseignants et professionnels. Notre principal objectif est d\u2019aider et d\u2019accompagner les enfants atteints de Troubles Sp\u00e9cifiques du Langage et des Apprentissages, leur famille et les \u00e9quipes \u00e9ducatives dans leur parcours de sant\u00e9 et de vie.<br \/>En effet, les troubles dys (dyslexie, dyspraxie, dysorthographie, dyscalculie, dysgraphie \u2026) font partie des troubles neurod\u00e9veloppementaux qui affectent la vie quotidienne, la vie scolaire, la vie professionnelle, les loisirs mais qui n\u2019ont pas d\u2019impact sur les comp\u00e9tences intellectuelles. On nait dys et on le reste toute sa vie. Les enfants, ados, jeunes et leur famille sont confront\u00e9s \u00e0 diverses difficult\u00e9s comme la :<br \/>&#8211; Recherche de diagnostic, m\u00e9decin et professionnels pour bilan, certains bilans co\u00fbtent tr\u00e8s cher (ex-bilan neuropsychologue entre 300 \u00e0 600 euros) \u2026<br \/>&#8211; Recherche de conseils, solutions, de r\u00e9ponses, de personnes \u00e0 qui parler \u2026<br \/>&#8211; Recherche de mat\u00e9riel : adaptations, logiciels, outils num\u00e9riques tels qu\u2019ordinateur, r\u00e9glettes scanner, souris scanner, stylo lecteur, iPad \u2026<br \/>&#8211; Recherche d\u2019aide administrative : remplir un dossier MDPH, am\u00e9nagement aux examens\u2026Notre association essaie de r\u00e9pondre \u00e0 leurs attentes \u00e0 travers diff\u00e9rentes actions car si notre existence est la cons\u00e9quence de la dissolution des deux seules associations de l\u2019Oise sur le th\u00e8me Dys (AAD et DFD60) donc une toute jeune association, l\u2019expertise de ses membres fondateurs ne l\u2019est pas. Nous sommes affili\u00e9s \u00e0 la FFdys.<\/p>\n<p>[\/et_pb_text][\/et_pb_column][\/et_pb_row][\/et_pb_section][et_pb_section fb_built=&#8221;1&#8243; theme_builder_area=&#8221;post_content&#8221; _builder_version=&#8221;4.20.4&#8243; _module_preset=&#8221;default&#8221; custom_padding=&#8221;29px||29px||true|false&#8221; background_color=&#8221;#001C5E&#8221; hover_enabled=&#8221;0&#8243; sticky_enabled=&#8221;0&#8243;][et_pb_row _builder_version=&#8221;4.20.4&#8243; _module_preset=&#8221;default&#8221; theme_builder_area=&#8221;post_content&#8221; hover_enabled=&#8221;0&#8243; sticky_enabled=&#8221;0&#8243;][et_pb_column _builder_version=&#8221;4.20.4&#8243; _module_preset=&#8221;default&#8221; type=&#8221;4_4&#8243; theme_builder_area=&#8221;post_content&#8221;][et_pb_text _builder_version=&#8221;4.20.4&#8243; _module_preset=&#8221;default&#8221; theme_builder_area=&#8221;post_content&#8221; hover_enabled=&#8221;0&#8243; sticky_enabled=&#8221;0&#8243; text_font=&#8221;|600|||||||&#8221; text_font_size=&#8221;33px&#8221; text_text_color=&#8221;#FFFFFF&#8221; text_orientation=&#8221;center&#8221;]<\/p>\n<p>LES MISSIONS DU PR\u00c9SIDENT<\/p>\n<p>[\/et_pb_text][\/et_pb_column][\/et_pb_row][\/et_pb_section][et_pb_section fb_built=&#8221;1&#8243; theme_builder_area=&#8221;post_content&#8221; _builder_version=&#8221;4.20.4&#8243; _module_preset=&#8221;default&#8221;][et_pb_row _builder_version=&#8221;4.20.4&#8243; _module_preset=&#8221;default&#8221; theme_builder_area=&#8221;post_content&#8221; custom_margin=&#8221;6px|auto||auto||&#8221; box_shadow_style=&#8221;preset2&#8243; custom_padding=&#8221;|24px||24px|false|true&#8221; hover_enabled=&#8221;0&#8243; sticky_enabled=&#8221;0&#8243; border_radii=&#8221;on|15px|15px|15px|15px&#8221;][et_pb_column _builder_version=&#8221;4.20.4&#8243; _module_preset=&#8221;default&#8221; type=&#8221;4_4&#8243; theme_builder_area=&#8221;post_content&#8221;][et_pb_text _builder_version=&#8221;4.20.4&#8243; _module_preset=&#8221;default&#8221; theme_builder_area=&#8221;post_content&#8221; hover_enabled=&#8221;0&#8243; sticky_enabled=&#8221;0&#8243; text_font=&#8221;|600|||||||&#8221; text_font_size=&#8221;16px&#8221; text_text_color=&#8221;#000000&#8243;]<\/p>\n<p>En tant que mandataire de l\u2019association, le pr\u00e9sident s\u2019occupe de plusieurs missions. En effet, il :<\/p>\n<ul>\n<li><span style=\"color: #333399;\"><strong>Repr\u00e9sente l\u2019association devant ses partenaires ou les tribunaux<\/strong><\/span>\u00a0;<\/li>\n<li><span style=\"color: #333399;\"><strong>Agit en justice<\/strong><\/span>\u00a0pour d\u00e9fendre les int\u00e9r\u00eats de l\u2019association ;<\/li>\n<li><span style=\"color: #333399;\"><strong>Communique au nom de l\u2019association<\/strong><\/span>\u00a0dans la presse, les m\u00e9dias, et avec les adh\u00e9rents ;<\/li>\n<li><span style=\"color: #333399;\"><strong>Assure la tenue des r\u00e9union<\/strong>s<\/span> et anime les d\u00e9bats ;<\/li>\n<li>Motive les b\u00e9n\u00e9voles lors des actions men\u00e9es par l\u2019association ;<\/li>\n<li><strong><span style=\"color: #333399;\">Recherche ses financements<\/span>\u00a0<\/strong>pour r\u00e9aliser les objectifs de l\u2019association ;<\/li>\n<li>Veille \u00e0 l<strong>\u2019<span style=\"color: #333399;\">application des d\u00e9cisions prises en conseil d\u2019administration<\/span><\/strong>\u00a0ou en assembl\u00e9e g\u00e9n\u00e9rale ;<\/li>\n<li>Veille \u00e0 la\u00a0<strong><span style=\"color: #333399;\">bonne marche de l\u2019association<\/span>\u00a0<\/strong>: administration, moyens logistiques, moyens humains, gestion de l\u2019\u00e9quipe.<\/li>\n<\/ul>\n<p>Dans le cadre de ses nombreuses missions, le pr\u00e9sident de l\u2019association doit avoir certaines qualit\u00e9s et comp\u00e9tences :<\/p>\n<p>&nbsp;<\/p>\n<ul>\n<li>Polyvalent : une forte connaissance dans plusieurs domaines ;<\/li>\n<li>Charismatique ;<\/li>\n<li>Volontaire ;<\/li>\n<li>Entreprenant ;<\/li>\n<li>Conciliant.<\/li>\n<\/ul>\n<p>[\/et_pb_text][\/et_pb_column][\/et_pb_row][\/et_pb_section]<\/p>\n","protected":false},"excerpt":{"rendered":"<p>Association d&#8217;aide aux enfants DysQui sommes-nous ?L\u2019association 60dys est une association de b\u00e9n\u00e9voles cr\u00e9\u00e9e en mai 2021 qui regroupe parents, enseignants et professionnels. Notre principal objectif est d\u2019aider et d\u2019accompagner les enfants atteints de Troubles Sp\u00e9cifiques du Langage et des Apprentissages, leur famille et les \u00e9quipes \u00e9ducatives dans leur parcours de sant\u00e9 et de vie.En [&hellip;]<\/p>\n","protected":false},"author":1,"featured_media":0,"parent":0,"menu_order":0,"comment_status":"closed","ping_status":"closed","template":"","meta":{"_et_pb_use_builder":"on","_et_pb_old_content":"","_et_gb_content_width":""},"_links":{"self":[{"href":"https:\/\/dys.creation-site-internet-aisne.fr\/index.php\/wp-json\/wp\/v2\/pages\/101"}],"collection":[{"href":"https:\/\/dys.creation-site-internet-aisne.fr\/index.php\/wp-json\/wp\/v2\/pages"}],"about":[{"href":"https:\/\/dys.creation-site-internet-aisne.fr\/index.php\/wp-json\/wp\/v2\/types\/page"}],"author":[{"embeddable":true,"href":"https:\/\/dys.creation-site-internet-aisne.fr\/index.php\/wp-json\/wp\/v2\/users\/1"}],"replies":[{"embeddable":true,"href":"https:\/\/dys.creation-site-internet-aisne.fr\/index.php\/wp-json\/wp\/v2\/comments?post=101"}],"version-history":[{"count":10,"href":"https:\/\/dys.creation-site-internet-aisne.fr\/index.php\/wp-json\/wp\/v2\/pages\/101\/revisions"}],"predecessor-version":[{"id":122,"href":"https:\/\/dys.creation-site-internet-aisne.fr\/index.php\/wp-json\/wp\/v2\/pages\/101\/revisions\/122"}],"wp:attachment":[{"href":"https:\/\/dys.creation-site-internet-aisne.fr\/index.php\/wp-json\/wp\/v2\/media?parent=101"}],"curies":[{"name":"wp","href":"https:\/\/api.w.org\/{rel}","templated":true}]}}